{"id":2245,"date":"2015-04-23T14:26:37","date_gmt":"2015-04-23T13:26:37","guid":{"rendered":"http:\/\/www.frati-ribeiro.com\/?page_id=2245"},"modified":"2015-08-28T16:33:39","modified_gmt":"2015-08-28T15:33:39","slug":"home","status":"publish","type":"page","link":"https:\/\/www.frati-ribeiro.com\/","title":{"rendered":"HOME"},"content":{"rendered":"<table class=\"home\">\n<tbody>\n<tr>\n<td class=\"expos\"><a href=\"https:\/\/www.frati-ribeiro.com\/?cat=3\"> <img src=\"https:\/\/www.frati-ribeiro.com\/wp-content\/uploads\/expos.png\" alt=\"test\" \/><\/a><\/td>\n<td><img src=\"https:\/\/www.frati-ribeiro.com\/wp-content\/uploads\/photo1.jpg\" alt=\"\" \/><\/td>\n<td class=\"seminaires\"><a href=\"https:\/\/www.frati-ribeiro.com\/?page_id=109\"> <img src=\"https:\/\/www.frati-ribeiro.com\/wp-content\/uploads\/seminaires.png\" alt=\"test\" \/><\/a><\/p>\n<p class=\"nomargin\" style=\"padding-top: 10px;\">Les s\u00e9minaires sont organis\u00e9s par Frati-ribeiro dans un esprit de f\u00eate et de rencontres. Les s\u00e9minaires sont organis\u00e9s par Frati-ribeiro dans un esprit de f\u00eate et de rencontres. Les s\u00e9minaires sont organis\u00e9s par Frati-ribeiro dans un esprit de f\u00eate.<\/p>\n<\/td>\n<\/tr>\n<tr>\n<td><img src=\"https:\/\/www.frati-ribeiro.com\/wp-content\/uploads\/burundi.jpg\" alt=\"test\" \/><\/td>\n<td>\n<div class=\"festival\"><a href=\"https:\/\/www.frati-ribeiro.com\/?cat=58\"> <img src=\"https:\/\/www.frati-ribeiro.com\/wp-content\/uploads\/festivals.png\" alt=\"test\" \/><\/a><\/div>\n<div>\n<div class=\"content-left\"><img src=\"https:\/\/www.frati-ribeiro.com\/wp-content\/uploads\/allongee.jpg\" alt=\"test\" \/><\/div>\n<div class=\"content-right\">\n<p class=\"nomargin\">Les s\u00e9minaires sont organis\u00e9s par Frati-ribeiro dans un esprit de f\u00eate et de rencontres. Les s\u00e9minaires sont organis\u00e9s par Frati-ribeiro dans un esprit de f\u00eate et de rencontres. Les s\u00e9minaires sont organis\u00e9s par Frati-ribeiro dans un esprit de f\u00eate et de rencontres.<\/p>\n<\/div>\n<\/div>\n<p>&nbsp;<\/td>\n<td><a href=\"https:\/\/www.frati-ribeiro.com\/?p=2371\"><img loading=\"lazy\" class=\"alignnone\" src=\"https:\/\/www.frati-ribeiro.com\/wp-content\/uploads\/affiches-remarquable-2014v2.png\" alt=\"test\" width=\"206\" height=\"287\" \/><\/a><\/td>\n<\/tr>\n<tr>\n<td class=\"avions\"><img src=\"https:\/\/www.frati-ribeiro.com\/wp-content\/uploads\/avion.jpg\" alt=\"test\" \/><\/td>\n<td class=\"theatre\"><a href=\"http:\/\/www.theatredelopprime.com\/compagnie\/theatre-forum\/\"> <img src=\"https:\/\/www.frati-ribeiro.com\/wp-content\/uploads\/theatre.png\" alt=\"test\" \/><\/a><\/p>\n<div class=\"content-theatre\">\n<p>Les s\u00e9minaires sont organis\u00e9s par Frati-ribeiro dans un esprit de f\u00eate et de rencontres.<\/p>\n<\/div>\n<p>&nbsp;<\/td>\n<td><\/td>\n<\/tr>\n<\/tbody>\n<\/table>\n","protected":false},"excerpt":{"rendered":"<p>Les s\u00e9minaires sont organis\u00e9s par Frati-ribeiro dans un esprit de f\u00eate et de rencontres. Les s\u00e9minaires sont organis\u00e9s par Frati-ribeiro dans un esprit de f\u00eate et de rencontres. Les s\u00e9minaires sont organis\u00e9s par Frati-ribeiro dans un esprit de f\u00eate. Les s\u00e9minaires sont organis\u00e9s par Frati-ribeiro dans un esprit de f\u00eate et de rencontres. Les s\u00e9minaires [&hellip;]<\/p>\n","protected":false},"author":7,"featured_media":0,"parent":0,"menu_order":0,"comment_status":"closed","ping_status":"closed","template":"","meta":[],"psp_head":"<title>HOME \u2013 Ev\u00e8nements artistiques | Frati et Ribeiro<\/title>\r\n<meta name=\"description\" content=\"Les s\u00e9minaires sont organis\u00e9s par Frati-ribeiro dans un esprit de f\u00eate et de rencontres. Les s\u00e9minaires sont organis\u00e9s par Frati-ribeiro dans un esprit de f\u00eate et de rencontres. Les s\u00e9minaires sont organis\u00e9s par Frati-ribeiro dans un esprit de f\u00eate.\" \/>\r\n<meta name=\"robots\" content=\"index,follow\" \/>\r\n<link rel=\"canonical\" href=\"https:\/\/www.frati-ribeiro.com\/\" \/>\r\n","_links":{"self":[{"href":"https:\/\/www.frati-ribeiro.com\/index.php?rest_route=\/wp\/v2\/pages\/2245"}],"collection":[{"href":"https:\/\/www.frati-ribeiro.com\/index.php?rest_route=\/wp\/v2\/pages"}],"about":[{"href":"https:\/\/www.frati-ribeiro.com\/index.php?rest_route=\/wp\/v2\/types\/page"}],"author":[{"embeddable":true,"href":"https:\/\/www.frati-ribeiro.com\/index.php?rest_route=\/wp\/v2\/users\/7"}],"replies":[{"embeddable":true,"href":"https:\/\/www.frati-ribeiro.com\/index.php?rest_route=%2Fwp%2Fv2%2Fcomments&post=2245"}],"version-history":[{"count":10,"href":"https:\/\/www.frati-ribeiro.com\/index.php?rest_route=\/wp\/v2\/pages\/2245\/revisions"}],"predecessor-version":[{"id":2374,"href":"https:\/\/www.frati-ribeiro.com\/index.php?rest_route=\/wp\/v2\/pages\/2245\/revisions\/2374"}],"wp:attachment":[{"href":"https:\/\/www.frati-ribeiro.com\/index.php?rest_route=%2Fwp%2Fv2%2Fmedia&parent=2245"}],"curies":[{"name":"wp","href":"https:\/\/api.w.org\/{rel}","templated":true}]}}